{"id":6,"date":"2025-05-22T22:16:44","date_gmt":"2025-05-22T20:16:44","guid":{"rendered":"https:\/\/chamrousseoxygene.com\/\/?page_id=6"},"modified":"2025-06-11T20:20:20","modified_gmt":"2025-06-11T18:20:20","slug":"accueil","status":"publish","type":"page","link":"https:\/\/chamrousseoxygene.com\/","title":{"rendered":""},"content":{"rendered":"\n\n\n\n\n\n\n\n\n\n\n\n\n<p style=\"text-align: center;\"><span style=\"color: rgb(37, 37, 37); font-family: system-ui, -apple-system, &quot;Segoe UI&quot;, Roboto, &quot;Helvetica Neue&quot;, Arial, &quot;Noto Sans&quot;, &quot;Liberation Sans&quot;, sans-serif, &quot;Apple Color Emoji&quot;, &quot;Segoe UI Emoji&quot;, &quot;Segoe UI Symbol&quot;, &quot;Noto Color Emoji&quot;; font-size: 16px; text-align: start;\"><strong>La montagne en \u00e9t\u00e9, une cascade d\u2019activit\u00e9s !!<\/strong><\/span><\/p>\n<p style=\"text-align: left;\"><\/p><ul><li style=\"text-align: left;\"><span style=\"color: rgb(37, 37, 37); font-family: system-ui, -apple-system, &quot;Segoe UI&quot;, Roboto, &quot;Helvetica Neue&quot;, Arial, &quot;Noto Sans&quot;, &quot;Liberation Sans&quot;, sans-serif, &quot;Apple Color Emoji&quot;, &quot;Segoe UI Emoji&quot;, &quot;Segoe UI Symbol&quot;, &quot;Noto Color Emoji&quot;; font-size: 16px; text-align: start;\">T\u00e9l\u00e9ski nautique<\/span><\/li><li style=\"text-align: left;\"><span style=\"color: rgb(37, 37, 37); font-family: system-ui, -apple-system, &quot;Segoe UI&quot;, Roboto, &quot;Helvetica Neue&quot;, Arial, &quot;Noto Sans&quot;, &quot;Liberation Sans&quot;, sans-serif, &quot;Apple Color Emoji&quot;, &quot;Segoe UI Emoji&quot;, &quot;Segoe UI Symbol&quot;, &quot;Noto Color Emoji&quot;; font-size: 16px; text-align: start;\">Disc Golf (nouveau parcours)<\/span><\/li><li style=\"text-align: left;\"><span style=\"color: rgb(37, 37, 37); font-family: system-ui, -apple-system, &quot;Segoe UI&quot;, Roboto, &quot;Helvetica Neue&quot;, Arial, &quot;Noto Sans&quot;, &quot;Liberation Sans&quot;, sans-serif, &quot;Apple Color Emoji&quot;, &quot;Segoe UI Emoji&quot;, &quot;Segoe UI Symbol&quot;, &quot;Noto Color Emoji&quot;; font-size: 16px; text-align: start;\">Paddle<\/span><\/li><li style=\"text-align: left;\"><span style=\"color: rgb(37, 37, 37); font-family: system-ui, -apple-system, &quot;Segoe UI&quot;, Roboto, &quot;Helvetica Neue&quot;, Arial, &quot;Noto Sans&quot;, &quot;Liberation Sans&quot;, sans-serif, &quot;Apple Color Emoji&quot;, &quot;Segoe UI Emoji&quot;, &quot;Segoe UI Symbol&quot;, &quot;Noto Color Emoji&quot;; font-size: 16px; text-align: start;\">Tir \u00e0 l\u2019arc<\/span><\/li><li style=\"text-align: left;\"><span style=\"color: rgb(37, 37, 37); font-family: system-ui, -apple-system, &quot;Segoe UI&quot;, Roboto, &quot;Helvetica Neue&quot;, Arial, &quot;Noto Sans&quot;, &quot;Liberation Sans&quot;, sans-serif, &quot;Apple Color Emoji&quot;, &quot;Segoe UI Emoji&quot;, &quot;Segoe UI Symbol&quot;, &quot;Noto Color Emoji&quot;; font-size: 16px; text-align: start;\">Tennis&nbsp;(Stages et le\u00e7ons)\u2026<\/span><\/li><\/ul><p><\/p>\n\n\n\n\n\n\n\n\n\n\n\n\n\n\n\n\n\n\n\n<p style=\"text-align: center;\"><span style=\"color: rgb(37, 37, 37); font-family: system-ui, -apple-system, &quot;Segoe UI&quot;, Roboto, &quot;Helvetica Neue&quot;, Arial, &quot;Noto Sans&quot;, &quot;Liberation Sans&quot;, sans-serif, &quot;Apple Color Emoji&quot;, &quot;Segoe UI Emoji&quot;, &quot;Segoe UI Symbol&quot;, &quot;Noto Color Emoji&quot;; font-size: 16px;\"><strong>Chamrousse en Hiver,&nbsp;<\/strong><strong>tout pour vous plaire !<\/strong><br>Descente en luge, venez vivre un moment unique dans le cadre fabuleux d\u2019un panorama exceptionnel, une descente magique en luge\u2026<\/span><\/p>\n\n\n\n\n\n\n\n\n\n\n\n\n\n\n<h3 class=\"sppb-addon-title\" style=\"box-sizing: border-box; margin-bottom: 43px; line-height: 1.2; font-size: 1.75rem; color: rgb(37, 37, 37); font-family: system-ui, -apple-system, &quot;Segoe UI&quot;, Roboto, &quot;Helvetica Neue&quot;, Arial, &quot;Noto Sans&quot;, &quot;Liberation Sans&quot;, sans-serif, &quot;Apple Color Emoji&quot;, &quot;Segoe UI Emoji&quot;, &quot;Segoe UI Symbol&quot;, &quot;Noto Color Emoji&quot;; text-align: center; background-color: rgb(249, 249, 249);\"><strong><\/strong><\/h3><span style=\"background-color:#ffffff;\"><h3 class=\"sppb-addon-title\" style=\"box-sizing: border-box; margin-bottom: 43px; line-height: 1.2; font-size: 1.75rem; color: rgb(37, 37, 37); font-family: system-ui, -apple-system, &quot;Segoe UI&quot;, Roboto, &quot;Helvetica Neue&quot;, Arial, &quot;Noto Sans&quot;, &quot;Liberation Sans&quot;, sans-serif, &quot;Apple Color Emoji&quot;, &quot;Segoe UI Emoji&quot;, &quot;Segoe UI Symbol&quot;, &quot;Noto Color Emoji&quot;; text-align: center;\"><strong>S\u00e9minaires Groupes Comit\u00e9s d\u2019Entreprise<\/strong><\/h3><p class=\"sppb-addon-content\" style=\"box-sizing: border-box; color: rgb(37, 37, 37); font-family: system-ui, -apple-system, &quot;Segoe UI&quot;, Roboto, &quot;Helvetica Neue&quot;, Arial, &quot;Noto Sans&quot;, &quot;Liberation Sans&quot;, sans-serif, &quot;Apple Color Emoji&quot;, &quot;Segoe UI Emoji&quot;, &quot;Segoe UI Symbol&quot;, &quot;Noto Color Emoji&quot;; font-size: 16px; text-align: center;\"><\/p><p style=\"box-sizing: border-box; margin-bottom: 1rem;\"><\/p><\/span><p style=\"box-sizing: border-box; margin-bottom: 1rem;\"><span style=\"box-sizing: border-box; font-size: 12pt;\">La soci\u00e9t\u00e9 Chamrousse Oxyg\u00e8ne \u00e9tudie votre demande, vos attentes, vos objectifs et votre budget afin de vous proposer un devis gratuit ax\u00e9 sur un projet clairement d\u00e9fini et partag\u00e9 modifiable jusqu\u2019au dernier moment !<\/span><\/p><ul style=\"box-sizing: border-box; padding-left: 2rem; margin-bottom: 1rem;\"><li style=\"box-sizing: border-box; text-align: left;\"><span style=\"box-sizing: border-box; font-size: 12pt;\">Notre savoir-faire, c\u2019est l\u2019<span style=\"box-sizing: border-box; font-weight: bolder;\">organisation d\u2019\u00e9v\u00e9nements, de s\u00e9jours ou de stages<\/span>.<\/span><\/li><li style=\"box-sizing: border-box; text-align: left;\"><span style=\"box-sizing: border-box; font-size: 12pt;\">Notre exp\u00e9rience, c\u2019est&nbsp;<span style=\"box-sizing: border-box; font-weight: bolder;\">15 ans d\u2019organisation de s\u00e9minaires<\/span>, conventions ou Team Building avec les plus grandes entreprises de la r\u00e9gion Auvergne Rh\u00f4ne Alpes comme avec les plus petites !<\/span><\/li><li style=\"box-sizing: border-box; text-align: left;\"><span style=\"box-sizing: border-box; font-size: 12pt;\">Notre atout c\u2019est aussi une&nbsp;<span style=\"box-sizing: border-box; font-weight: bolder;\">tr\u00e8s bonne connaissance de la montagne<\/span>&nbsp;et de ses nombreuses activit\u00e9s !<\/span><\/li><li style=\"box-sizing: border-box; text-align: left;\"><span style=\"box-sizing: border-box; font-size: 12pt;\">Enfin notre plus-value c\u2019est une&nbsp;<span style=\"box-sizing: border-box; font-weight: bolder;\">parfaite connaissance de la station de Chamrousse<\/span>&nbsp;(sa topologie, sa g\u00e9ographie, son histoire et bien \u00e9videmment ses h\u00f4tels ou ses r\u00e9sidences, ses restaurants, ses bons coins, et les petits services en plus\u2026.).<br style=\"box-sizing: border-box;\"><\/span><\/li><li style=\"box-sizing: border-box; text-align: left;\"><span style=\"box-sizing: border-box; font-size: 12pt;\">Et nous pouvons \u00e9videmment organiser votre s\u00e9minaire sur la r\u00e9gion grenobloise si Chamrousse ne vous convient pas\u2026<\/span><\/li><\/ul>\n\n\n\n\n\n\n\n\n\n\n\n\n\n\n\n\n\n\n\n<span style=\"font-size:large;\"><h4><strong>Notre force<\/strong><\/h4><p><\/p><\/span><p>Depuis plus de 15 ans maintenant nous mettons en place des prestations tout au long de l&rsquo;ann\u00e9e avec l&rsquo;envie de vous faire d\u00e9couvrir la montagne, les activit\u00e9s qu&rsquo;elle h\u00e9berge et les gens qui la peuple ! Notre force est avant tout notre connaissance de la montagne et de la station de Chamrousse, avec un r\u00e9seau de partenaires solide et une expertise tout terrain.<\/p>\n\n\n\n\n\n\n\n\n\n\n\n\n\n\n<p>Notre \u00e9quipe et nos diff\u00e9rents intervenants sont des sp\u00e9cialistes de l&rsquo;organisation d&rsquo;\u00e9v\u00e9nement avec la mise en place de produits sur mesure mais \u00e9galement des professionnels de l&rsquo;encadrement et de l&rsquo;animation de la pratique sportive, quelle soit de loisir ou de comp\u00e9tition ou de l&rsquo;encadrement d&rsquo;activit\u00e9s culturelles, culinaires, photographiques&#8230;<\/p><p><br><\/p><p>La montagne vous attend pour travailler dans un cadre grandiose, mais aussi et surtout pour vous ressourcer, vous a\u00e9rer, vous divertir et vous \u00e9loigner un moment des habitudes, des routines et du stress de la ville !!<br><br><\/p><p><em>Eric et Steph Fondateurs de Chamrousse Oxyg\u00e8ne<\/em><\/p>\n\n\n\n\n\n\n\n\n\n<h2>Nos partenaires :<\/h2>\n\n\n\n\n\n\n\n\n\n\n\n\n\n\n\n\n\n\n\n\n\n\n\n\n\n\n\n","protected":false},"excerpt":{"rendered":"","protected":false},"author":1,"featured_media":0,"parent":0,"menu_order":0,"comment_status":"closed","ping_status":"closed","template":"","meta":{"pagelayer_contact_templates":[],"_pagelayer_content":"","footnotes":""},"class_list":["post-6","page","type-page","status-publish","hentry"],"_links":{"self":[{"href":"https:\/\/chamrousseoxygene.com\/index.php?rest_route=\/wp\/v2\/pages\/6","targetHints":{"allow":["GET"]}}],"collection":[{"href":"https:\/\/chamrousseoxygene.com\/index.php?rest_route=\/wp\/v2\/pages"}],"about":[{"href":"https:\/\/chamrousseoxygene.com\/index.php?rest_route=\/wp\/v2\/types\/page"}],"author":[{"embeddable":true,"href":"https:\/\/chamrousseoxygene.com\/index.php?rest_route=\/wp\/v2\/users\/1"}],"replies":[{"embeddable":true,"href":"https:\/\/chamrousseoxygene.com\/index.php?rest_route=%2Fwp%2Fv2%2Fcomments&post=6"}],"version-history":[{"count":58,"href":"https:\/\/chamrousseoxygene.com\/index.php?rest_route=\/wp\/v2\/pages\/6\/revisions"}],"predecessor-version":[{"id":89,"href":"https:\/\/chamrousseoxygene.com\/index.php?rest_route=\/wp\/v2\/pages\/6\/revisions\/89"}],"wp:attachment":[{"href":"https:\/\/chamrousseoxygene.com\/index.php?rest_route=%2Fwp%2Fv2%2Fmedia&parent=6"}],"curies":[{"name":"wp","href":"https:\/\/api.w.org\/{rel}","templated":true}]}}